{"id":300,"date":"2024-10-08T10:53:36","date_gmt":"2024-10-08T10:53:36","guid":{"rendered":"https:\/\/phenomenal-kinkajou-63d47d.instawp.xyz\/?post_type=product&#038;p=300"},"modified":"2024-10-08T11:31:04","modified_gmt":"2024-10-08T11:31:04","slug":"forma-tumbona","status":"publish","type":"product","link":"https:\/\/marketing.md.cozmoslabs.com\/es\/product\/forma-lounge-chair\/","title":{"rendered":"Sal\u00f3n Forma"},"content":{"rendered":"<p>Un sill\u00f3n elegante y contorneado de l\u00edneas limpias y asiento afelpado, ideal para un rinc\u00f3n de lectura acogedor o un sal\u00f3n moderno.<\/p>","protected":false},"excerpt":{"rendered":"<p>Un sill\u00f3n elegante y contorneado para un sal\u00f3n acogedor y moderno.<\/p>","protected":false},"featured_media":297,"comment_status":"open","ping_status":"closed","template":"","meta":[],"product_brand":[],"product_cat":[33],"product_tag":[],"class_list":{"0":"post-300","1":"product","2":"type-product","3":"status-publish","4":"has-post-thumbnail","6":"product_cat-armchairs","8":"first","9":"instock","10":"shipping-taxable","11":"purchasable","12":"product-type-simple"},"_links":{"self":[{"href":"https:\/\/marketing.md.cozmoslabs.com\/es\/wp-json\/wp\/v2\/product\/300","targetHints":{"allow":["GET"]}}],"collection":[{"href":"https:\/\/marketing.md.cozmoslabs.com\/es\/wp-json\/wp\/v2\/product"}],"about":[{"href":"https:\/\/marketing.md.cozmoslabs.com\/es\/wp-json\/wp\/v2\/types\/product"}],"replies":[{"embeddable":true,"href":"https:\/\/marketing.md.cozmoslabs.com\/es\/wp-json\/wp\/v2\/comments?post=300"}],"wp:featuredmedia":[{"embeddable":true,"href":"https:\/\/marketing.md.cozmoslabs.com\/es\/wp-json\/wp\/v2\/media\/297"}],"wp:attachment":[{"href":"https:\/\/marketing.md.cozmoslabs.com\/es\/wp-json\/wp\/v2\/media?parent=300"}],"wp:term":[{"taxonomy":"product_brand","embeddable":true,"href":"https:\/\/marketing.md.cozmoslabs.com\/es\/wp-json\/wp\/v2\/product_brand?post=300"},{"taxonomy":"product_cat","embeddable":true,"href":"https:\/\/marketing.md.cozmoslabs.com\/es\/wp-json\/wp\/v2\/product_cat?post=300"},{"taxonomy":"product_tag","embeddable":true,"href":"https:\/\/marketing.md.cozmoslabs.com\/es\/wp-json\/wp\/v2\/product_tag?post=300"}],"curies":[{"name":"wp","href":"https:\/\/api.w.org\/{rel}","templated":true}]}}